{"id":2342,"date":"2024-11-21T18:57:25","date_gmt":"2024-11-21T22:57:25","guid":{"rendered":"https:\/\/ayrami.com\/?page_id=2342"},"modified":"2024-12-17T17:17:01","modified_gmt":"2024-12-17T21:17:01","slug":"impressum","status":"publish","type":"page","link":"https:\/\/ayrami.com\/index.php\/impressum\/","title":{"rendered":"Impressum"},"content":{"rendered":"\t\t<div data-elementor-type=\"wp-page\" data-elementor-id=\"2342\" class=\"elementor elementor-2342\">\n\t\t\t\t<div class=\"elementor-element elementor-element-a23196c e-flex e-con-boxed e-con e-parent\" data-id=\"a23196c\" data-element_type=\"container\" data-settings=\"{&quot;background_background&quot;:&quot;classic&quot;}\">\n\t\t\t\t\t<div class=\"e-con-inner\">\n\t\t<div class=\"elementor-element elementor-element-5746bf3 e-con-full e-flex e-con e-child\" data-id=\"5746bf3\" data-element_type=\"container\">\n\t\t\t\t<div class=\"elementor-element elementor-element-c22cfd9 elementor-widget elementor-widget-heading\" data-id=\"c22cfd9\" data-element_type=\"widget\" data-widget_type=\"heading.default\">\n\t\t\t\t<div class=\"elementor-widget-container\">\n\t\t\t\t\t<h2 class=\"elementor-heading-title elementor-size-default\">IMPRESSUM<\/h2>\t\t\t\t<\/div>\n\t\t\t\t<\/div>\n\t\t\t\t<div class=\"elementor-element elementor-element-d168ad1 elementor-widget__width-initial elementor-widget-divider--separator-type-pattern elementor-widget-divider--view-line elementor-widget elementor-widget-divider\" data-id=\"d168ad1\" data-element_type=\"widget\" data-widget_type=\"divider.default\">\n\t\t\t\t<div class=\"elementor-widget-container\">\n\t\t\t\t\t\t\t<div class=\"elementor-divider\" style=\"--divider-pattern-url: url(&quot;data:image\/svg+xml,%3Csvg xmlns=&#039;http:\/\/www.w3.org\/2000\/svg&#039; preserveAspectRatio=&#039;none&#039; overflow=&#039;visible&#039; height=&#039;100%&#039; viewBox=&#039;0 0 20 16&#039; fill=&#039;none&#039; stroke=&#039;black&#039; stroke-width=&#039;1&#039; stroke-linecap=&#039;square&#039; stroke-miterlimit=&#039;10&#039;%3E%3Cg transform=&#039;translate(-12.000000, 0)&#039;%3E%3Cpath d=&#039;M28,0L10,18&#039;\/%3E%3Cpath d=&#039;M18,0L0,18&#039;\/%3E%3Cpath d=&#039;M48,0L30,18&#039;\/%3E%3Cpath d=&#039;M38,0L20,18&#039;\/%3E%3C\/g%3E%3C\/svg%3E&quot;);\">\n\t\t\t<span class=\"elementor-divider-separator\">\n\t\t\t\t\t\t<\/span>\n\t\t<\/div>\n\t\t\t\t\t\t<\/div>\n\t\t\t\t<\/div>\n\t\t<div class=\"elementor-element elementor-element-d61b148 e-con-full e-flex e-con e-child\" data-id=\"d61b148\" data-element_type=\"container\">\n\t\t\t\t<div class=\"elementor-element elementor-element-f9ef959 elementor-widget__width-initial elementor-widget elementor-widget-text-editor\" data-id=\"f9ef959\" data-element_type=\"widget\" data-widget_type=\"text-editor.default\">\n\t\t\t\t<div class=\"elementor-widget-container\">\n\t\t\t\t\t\t\t\t\t<p><strong>K\u00fcstenkultur GbR<\/strong><br \/>Zum Bornkoppelweg 41<br \/>18184 Roggentin<br \/>Deutschland<br \/>info@kuestenkultur.com<\/p>\t\t\t\t\t\t\t\t<\/div>\n\t\t\t\t<\/div>\n\t\t\t\t<div class=\"elementor-element elementor-element-def8508 elementor-hidden-mobile elementor-align-center elementor-widget elementor-widget-button\" data-id=\"def8508\" data-element_type=\"widget\" data-widget_type=\"button.default\">\n\t\t\t\t<div class=\"elementor-widget-container\">\n\t\t\t\t\t\t\t\t\t<div class=\"elementor-button-wrapper\">\n\t\t\t\t\t<a class=\"elementor-button elementor-button-link elementor-size-sm\" href=\"https:\/\/ayrami.com\/index.php\/es\/politica-de-privacidad\/\">\n\t\t\t\t\t\t<span class=\"elementor-button-content-wrapper\">\n\t\t\t\t\t\t\t\t\t<span class=\"elementor-button-text\">Pol\u00edtica de Privacidad<\/span>\n\t\t\t\t\t<\/span>\n\t\t\t\t\t<\/a>\n\t\t\t\t<\/div>\n\t\t\t\t\t\t\t\t<\/div>\n\t\t\t\t<\/div>\n\t\t\t\t<div class=\"elementor-element elementor-element-d05efc1 elementor-hidden-mobile elementor-align-center elementor-widget elementor-widget-button\" data-id=\"d05efc1\" data-element_type=\"widget\" data-widget_type=\"button.default\">\n\t\t\t\t<div class=\"elementor-widget-container\">\n\t\t\t\t\t\t\t\t\t<div class=\"elementor-button-wrapper\">\n\t\t\t\t\t<a class=\"elementor-button elementor-button-link elementor-size-sm\" href=\"https:\/\/ayrami.com\/index.php\/datenschutz\/\">\n\t\t\t\t\t\t<span class=\"elementor-button-content-wrapper\">\n\t\t\t\t\t\t\t\t\t<span class=\"elementor-button-text\">Datenschutzerkl\u00e4rung<\/span>\n\t\t\t\t\t<\/span>\n\t\t\t\t\t<\/a>\n\t\t\t\t<\/div>\n\t\t\t\t\t\t\t\t<\/div>\n\t\t\t\t<\/div>\n\t\t\t\t<\/div>\n\t\t\t\t<\/div>\n\t\t\t\t\t<\/div>\n\t\t\t\t<\/div>\n\t\t\t\t<\/div>\n\t\t","protected":false},"excerpt":{"rendered":"<p>IMPRESSUM K\u00fcstenkultur GbRZum Bornkoppelweg 4118184 RoggentinDeutschlandinfo@kuestenkultur.com Pol\u00edtica de Privacidad Datenschutzerkl\u00e4rung<\/p>\n","protected":false},"author":1,"featured_media":0,"parent":0,"menu_order":0,"comment_status":"closed","ping_status":"closed","template":"","meta":{"footnotes":""},"yoast_head":"<!-- This site is optimized with the Yoast SEO plugin v23.5 - https:\/\/yoast.com\/wordpress\/plugins\/seo\/ -->\n<title>Impressum - Ayrami<\/title>\n<meta name=\"description\" content=\"Ayram\u00ed Quintero. Informaci\u00f3n de contacto.\" \/>\n<meta name=\"robots\" content=\"index, follow, max-snippet:-1, max-image-preview:large, max-video-preview:-1\" \/>\n<link rel=\"canonical\" href=\"https:\/\/ayrami.com\/index.php\/impressum\/\" \/>\n<meta property=\"og:locale\" content=\"es_ES\" \/>\n<meta property=\"og:type\" content=\"article\" \/>\n<meta property=\"og:title\" content=\"Impressum - Ayrami\" \/>\n<meta property=\"og:description\" content=\"Ayram\u00ed Quintero. Informaci\u00f3n de contacto.\" \/>\n<meta property=\"og:url\" content=\"https:\/\/ayrami.com\/index.php\/impressum\/\" \/>\n<meta property=\"og:site_name\" content=\"Ayrami\" \/>\n<meta property=\"article:modified_time\" content=\"2024-12-17T21:17:01+00:00\" \/>\n<meta name=\"twitter:card\" content=\"summary_large_image\" \/>\n<meta name=\"twitter:label1\" content=\"Tiempo de lectura\" \/>\n\t<meta name=\"twitter:data1\" content=\"1 minuto\" \/>\n<script type=\"application\/ld+json\" class=\"yoast-schema-graph\">{\"@context\":\"https:\/\/schema.org\",\"@graph\":[{\"@type\":\"WebPage\",\"@id\":\"https:\/\/ayrami.com\/index.php\/impressum\/\",\"url\":\"https:\/\/ayrami.com\/index.php\/impressum\/\",\"name\":\"Impressum - Ayrami\",\"isPartOf\":{\"@id\":\"https:\/\/ayrami.com\/#website\"},\"datePublished\":\"2024-11-21T22:57:25+00:00\",\"dateModified\":\"2024-12-17T21:17:01+00:00\",\"description\":\"Ayram\u00ed Quintero. Informaci\u00f3n de contacto.\",\"breadcrumb\":{\"@id\":\"https:\/\/ayrami.com\/index.php\/impressum\/#breadcrumb\"},\"inLanguage\":\"es\",\"potentialAction\":[{\"@type\":\"ReadAction\",\"target\":[\"https:\/\/ayrami.com\/index.php\/impressum\/\"]}]},{\"@type\":\"BreadcrumbList\",\"@id\":\"https:\/\/ayrami.com\/index.php\/impressum\/#breadcrumb\",\"itemListElement\":[{\"@type\":\"ListItem\",\"position\":1,\"name\":\"Inicio\",\"item\":\"https:\/\/ayrami.com\/\"},{\"@type\":\"ListItem\",\"position\":2,\"name\":\"Impressum\"}]},{\"@type\":\"WebSite\",\"@id\":\"https:\/\/ayrami.com\/#website\",\"url\":\"https:\/\/ayrami.com\/\",\"name\":\"Ayrami\",\"description\":\"Artista multidisciplinaria\",\"publisher\":{\"@id\":\"https:\/\/ayrami.com\/#organization\"},\"potentialAction\":[{\"@type\":\"SearchAction\",\"target\":{\"@type\":\"EntryPoint\",\"urlTemplate\":\"https:\/\/ayrami.com\/?s={search_term_string}\"},\"query-input\":{\"@type\":\"PropertyValueSpecification\",\"valueRequired\":true,\"valueName\":\"search_term_string\"}}],\"inLanguage\":\"es\"},{\"@type\":\"Organization\",\"@id\":\"https:\/\/ayrami.com\/#organization\",\"name\":\"Ayrami\",\"url\":\"https:\/\/ayrami.com\/\",\"logo\":{\"@type\":\"ImageObject\",\"inLanguage\":\"es\",\"@id\":\"https:\/\/ayrami.com\/#\/schema\/logo\/image\/\",\"url\":\"https:\/\/ayrami.com\/wp-content\/uploads\/2024\/08\/Ayrami-logo-blanco.svg\",\"contentUrl\":\"https:\/\/ayrami.com\/wp-content\/uploads\/2024\/08\/Ayrami-logo-blanco.svg\",\"width\":505,\"height\":164,\"caption\":\"Ayrami\"},\"image\":{\"@id\":\"https:\/\/ayrami.com\/#\/schema\/logo\/image\/\"}}]}<\/script>\n<!-- \/ Yoast SEO plugin. -->","yoast_head_json":{"title":"Impressum - Ayrami","description":"Ayram\u00ed Quintero. Informaci\u00f3n de contacto.","robots":{"index":"index","follow":"follow","max-snippet":"max-snippet:-1","max-image-preview":"max-image-preview:large","max-video-preview":"max-video-preview:-1"},"canonical":"https:\/\/ayrami.com\/index.php\/impressum\/","og_locale":"es_ES","og_type":"article","og_title":"Impressum - Ayrami","og_description":"Ayram\u00ed Quintero. Informaci\u00f3n de contacto.","og_url":"https:\/\/ayrami.com\/index.php\/impressum\/","og_site_name":"Ayrami","article_modified_time":"2024-12-17T21:17:01+00:00","twitter_card":"summary_large_image","twitter_misc":{"Tiempo de lectura":"1 minuto"},"schema":{"@context":"https:\/\/schema.org","@graph":[{"@type":"WebPage","@id":"https:\/\/ayrami.com\/index.php\/impressum\/","url":"https:\/\/ayrami.com\/index.php\/impressum\/","name":"Impressum - Ayrami","isPartOf":{"@id":"https:\/\/ayrami.com\/#website"},"datePublished":"2024-11-21T22:57:25+00:00","dateModified":"2024-12-17T21:17:01+00:00","description":"Ayram\u00ed Quintero. Informaci\u00f3n de contacto.","breadcrumb":{"@id":"https:\/\/ayrami.com\/index.php\/impressum\/#breadcrumb"},"inLanguage":"es","potentialAction":[{"@type":"ReadAction","target":["https:\/\/ayrami.com\/index.php\/impressum\/"]}]},{"@type":"BreadcrumbList","@id":"https:\/\/ayrami.com\/index.php\/impressum\/#breadcrumb","itemListElement":[{"@type":"ListItem","position":1,"name":"Inicio","item":"https:\/\/ayrami.com\/"},{"@type":"ListItem","position":2,"name":"Impressum"}]},{"@type":"WebSite","@id":"https:\/\/ayrami.com\/#website","url":"https:\/\/ayrami.com\/","name":"Ayrami","description":"Artista multidisciplinaria","publisher":{"@id":"https:\/\/ayrami.com\/#organization"},"potentialAction":[{"@type":"SearchAction","target":{"@type":"EntryPoint","urlTemplate":"https:\/\/ayrami.com\/?s={search_term_string}"},"query-input":{"@type":"PropertyValueSpecification","valueRequired":true,"valueName":"search_term_string"}}],"inLanguage":"es"},{"@type":"Organization","@id":"https:\/\/ayrami.com\/#organization","name":"Ayrami","url":"https:\/\/ayrami.com\/","logo":{"@type":"ImageObject","inLanguage":"es","@id":"https:\/\/ayrami.com\/#\/schema\/logo\/image\/","url":"https:\/\/ayrami.com\/wp-content\/uploads\/2024\/08\/Ayrami-logo-blanco.svg","contentUrl":"https:\/\/ayrami.com\/wp-content\/uploads\/2024\/08\/Ayrami-logo-blanco.svg","width":505,"height":164,"caption":"Ayrami"},"image":{"@id":"https:\/\/ayrami.com\/#\/schema\/logo\/image\/"}}]}},"_links":{"self":[{"href":"https:\/\/ayrami.com\/index.php\/wp-json\/wp\/v2\/pages\/2342"}],"collection":[{"href":"https:\/\/ayrami.com\/index.php\/wp-json\/wp\/v2\/pages"}],"about":[{"href":"https:\/\/ayrami.com\/index.php\/wp-json\/wp\/v2\/types\/page"}],"author":[{"embeddable":true,"href":"https:\/\/ayrami.com\/index.php\/wp-json\/wp\/v2\/users\/1"}],"replies":[{"embeddable":true,"href":"https:\/\/ayrami.com\/index.php\/wp-json\/wp\/v2\/comments?post=2342"}],"version-history":[{"count":38,"href":"https:\/\/ayrami.com\/index.php\/wp-json\/wp\/v2\/pages\/2342\/revisions"}],"predecessor-version":[{"id":2589,"href":"https:\/\/ayrami.com\/index.php\/wp-json\/wp\/v2\/pages\/2342\/revisions\/2589"}],"wp:attachment":[{"href":"https:\/\/ayrami.com\/index.php\/wp-json\/wp\/v2\/media?parent=2342"}],"curies":[{"name":"wp","href":"https:\/\/api.w.org\/{rel}","templated":true}]}}